{"id":6173,"date":"2020-07-13T13:20:24","date_gmt":"2020-07-13T16:20:24","guid":{"rendered":"https:\/\/www.ecritel.com.br\/?page_id=6173"},"modified":"2021-03-10T14:56:28","modified_gmt":"2021-03-10T17:56:28","slug":"locais","status":"publish","type":"page","link":"https:\/\/www.ecritel.com.br\/en\/empresa\/locais\/","title":{"rendered":"Locations"},"content":{"rendered":"<div data-elementor-type=\"wp-post\" data-elementor-id=\"6173\" class=\"elementor elementor-6173\" data-elementor-settings=\"[]\">\n\t\t\t\t\t\t<div class=\"elementor-inner\">\n\t\t\t\t\t\t\t<div class=\"elementor-section-wrap\">\n\t\t\t\t\t\t\t<section class=\"elementor-section elementor-top-section elementor-element elementor-element-f097606 elementor-section-boxed elementor-section-height-default elementor-section-height-default\" data-id=\"f097606\" data-element_type=\"section\">\n\t\t\t\t\t\t\t<div class=\"elementor-background-overlay\"><\/div>\n\t\t\t\t\t\t\t<div class=\"elementor-container elementor-column-gap-no\">\n\t\t\t\t\t\t\t<div class=\"elementor-row\">\n\t\t\t\t\t<div class=\"elementor-column elementor-col-100 elementor-top-column elementor-element elementor-element-a539759\" data-id=\"a539759\" data-element_type=\"column\">\n\t\t\t<div class=\"elementor-column-wrap elementor-element-populated\">\n\t\t\t\t\t\t\t<div class=\"elementor-widget-wrap\">\n\t\t\t\t\t\t<div class=\"elementor-element elementor-element-616eb86 elementor-widget elementor-widget-heading\" data-id=\"616eb86\" data-element_type=\"widget\" data-widget_type=\"heading.default\">\n\t\t\t\t<div class=\"elementor-widget-container\">\n\t\t\t<h2 class=\"elementor-heading-title elementor-size-default\">Ecritel do Brasil<\/h2>\t\t<\/div>\n\t\t\t\t<\/div>\n\t\t\t\t\t\t<\/div>\n\t\t\t\t\t<\/div>\n\t\t<\/div>\n\t\t\t\t\t\t\t\t<\/div>\n\t\t\t\t\t<\/div>\n\t\t<\/section>\n\t\t\t\t<section class=\"elementor-section elementor-top-section elementor-element elementor-element-181c87b elementor-section-boxed elementor-section-height-default elementor-section-height-default\" data-id=\"181c87b\" data-element_type=\"section\">\n\t\t\t\t\t\t<div class=\"elementor-container elementor-column-gap-default\">\n\t\t\t\t\t\t\t<div class=\"elementor-row\">\n\t\t\t\t\t<div class=\"elementor-column elementor-col-100 elementor-top-column elementor-element elementor-element-97e366e\" data-id=\"97e366e\" data-element_type=\"column\">\n\t\t\t<div class=\"elementor-column-wrap elementor-element-populated\">\n\t\t\t\t\t\t\t<div class=\"elementor-widget-wrap\">\n\t\t\t\t\t\t<div class=\"elementor-element elementor-element-91fba65 elementor-position-top elementor-vertical-align-top elementor-invisible elementor-widget elementor-widget-image-box\" data-id=\"91fba65\" data-element_type=\"widget\" data-settings=\"{&quot;_animation&quot;:&quot;fadeInUp&quot;,&quot;_animation_delay&quot;:300}\" data-widget_type=\"image-box.default\">\n\t\t\t\t<div class=\"elementor-widget-container\">\n\t\t\t<div class=\"elementor-image-box-wrapper\"><div class=\"elementor-image-box-content\"><p class=\"elementor-image-box-description\"><b>Address:<\/b> Rua Aba\u00e7a\u00ed, 60 - Itaim Bibi - S\u00e3o Paulo\nSP - CEP 04570-030\n<br><b>Telephone:<\/b> +55 11 5505 0525 <b>Fax:<\/b> +55 11 2845 2398 \n<br><b>E-mail:<\/b> contato@ecritel.com.br<\/p><\/div><\/div>\t\t<\/div>\n\t\t\t\t<\/div>\n\t\t\t\t\t\t<\/div>\n\t\t\t\t\t<\/div>\n\t\t<\/div>\n\t\t\t\t\t\t\t\t<\/div>\n\t\t\t\t\t<\/div>\n\t\t<\/section>\n\t\t\t\t<section class=\"elementor-section elementor-top-section elementor-element elementor-element-366a936 elementor-section-boxed elementor-section-height-default elementor-section-height-default\" data-id=\"366a936\" data-element_type=\"section\">\n\t\t\t\t\t\t<div class=\"elementor-container elementor-column-gap-default\">\n\t\t\t\t\t\t\t<div class=\"elementor-row\">\n\t\t\t\t\t<div class=\"elementor-column elementor-col-100 elementor-top-column elementor-element elementor-element-6cf5352\" data-id=\"6cf5352\" data-element_type=\"column\">\n\t\t\t<div class=\"elementor-column-wrap elementor-element-populated\">\n\t\t\t\t\t\t\t<div class=\"elementor-widget-wrap\">\n\t\t\t\t\t\t<div class=\"elementor-element elementor-element-0710eab elementor-widget-divider--view-line elementor-widget elementor-widget-divider\" data-id=\"0710eab\" data-element_type=\"widget\" data-widget_type=\"divider.default\">\n\t\t\t\t<div class=\"elementor-widget-container\">\n\t\t\t\t\t<div class=\"elementor-divider\">\n\t\t\t<span class=\"elementor-divider-separator\">\n\t\t\t\t\t\t<\/span>\n\t\t<\/div>\n\t\t\t\t<\/div>\n\t\t\t\t<\/div>\n\t\t\t\t\t\t<\/div>\n\t\t\t\t\t<\/div>\n\t\t<\/div>\n\t\t\t\t\t\t\t\t<\/div>\n\t\t\t\t\t<\/div>\n\t\t<\/section>\n\t\t\t\t<section class=\"elementor-section elementor-top-section elementor-element elementor-element-f19b03b elementor-section-boxed elementor-section-height-default elementor-section-height-default\" data-id=\"f19b03b\" data-element_type=\"section\">\n\t\t\t\t\t\t\t<div class=\"elementor-background-overlay\"><\/div>\n\t\t\t\t\t\t\t<div class=\"elementor-container elementor-column-gap-no\">\n\t\t\t\t\t\t\t<div class=\"elementor-row\">\n\t\t\t\t\t<div class=\"elementor-column elementor-col-100 elementor-top-column elementor-element elementor-element-b690221\" data-id=\"b690221\" data-element_type=\"column\">\n\t\t\t<div class=\"elementor-column-wrap elementor-element-populated\">\n\t\t\t\t\t\t\t<div class=\"elementor-widget-wrap\">\n\t\t\t\t\t\t<div class=\"elementor-element elementor-element-d9b2ff3 elementor-widget elementor-widget-heading\" data-id=\"d9b2ff3\" data-element_type=\"widget\" data-widget_type=\"heading.default\">\n\t\t\t\t<div class=\"elementor-widget-container\">\n\t\t\t<h2 class=\"elementor-heading-title elementor-size-default\">Ecritel Worldwide<\/h2>\t\t<\/div>\n\t\t\t\t<\/div>\n\t\t\t\t\t\t<\/div>\n\t\t\t\t\t<\/div>\n\t\t<\/div>\n\t\t\t\t\t\t\t\t<\/div>\n\t\t\t\t\t<\/div>\n\t\t<\/section>\n\t\t\t\t<section class=\"elementor-section elementor-top-section elementor-element elementor-element-d98d0c1 elementor-section-boxed elementor-section-height-default elementor-section-height-default\" data-id=\"d98d0c1\" data-element_type=\"section\" data-settings=\"{&quot;background_background&quot;:&quot;classic&quot;}\">\n\t\t\t\t\t\t<div class=\"elementor-container elementor-column-gap-default\">\n\t\t\t\t\t\t\t<div class=\"elementor-row\">\n\t\t\t\t\t<div class=\"elementor-column elementor-col-33 elementor-top-column elementor-element elementor-element-86b2e97\" data-id=\"86b2e97\" data-element_type=\"column\">\n\t\t\t<div class=\"elementor-column-wrap elementor-element-populated\">\n\t\t\t\t\t\t\t<div class=\"elementor-widget-wrap\">\n\t\t\t\t\t\t<div class=\"elementor-element elementor-element-4efe662 elementor-position-top elementor-vertical-align-top elementor-invisible elementor-widget elementor-widget-image-box\" data-id=\"4efe662\" data-element_type=\"widget\" data-settings=\"{&quot;_animation&quot;:&quot;fadeInUp&quot;}\" data-widget_type=\"image-box.default\">\n\t\t\t\t<div class=\"elementor-widget-container\">\n\t\t\t<div class=\"elementor-image-box-wrapper\"><div class=\"elementor-image-box-content\"><p class=\"elementor-image-box-description\"><b>Ecritel France (head office)<\/b><br\/><br\/> \n\n<b>Address:<\/b> Rue Mozart, 92110, Clichy, Fran\u00e7a<br>\n<b>Telephone:<\/b> +33 1 4061 2000<br>\n<b>Fax:<\/b> +33 1 4061 2001<br>\n<b>E-mail:<\/b> <a href=\"mailto:contact@ecritel.net\"target=\"_blank\">contact@ecritel.net<\/a><\/p><\/div><\/div>\t\t<\/div>\n\t\t\t\t<\/div>\n\t\t\t\t<div class=\"elementor-element elementor-element-3ed2dd1 elementor-position-top elementor-vertical-align-top elementor-invisible elementor-widget elementor-widget-image-box\" data-id=\"3ed2dd1\" data-element_type=\"widget\" data-settings=\"{&quot;_animation&quot;:&quot;fadeInUp&quot;}\" data-widget_type=\"image-box.default\">\n\t\t\t\t<div class=\"elementor-widget-container\">\n\t\t\t<div class=\"elementor-image-box-wrapper\"><div class=\"elementor-image-box-content\"><p class=\"elementor-image-box-description\"><b>Ecritel USA<\/b><br\/><br\/> \n\n<b>Address:<\/b> 1251 Avenue of the Americas, 3rd Floor, New York, NY, 10020, USA<br>\n<b>Telephone:<\/b> +1 855 878 2395<br>\n<b>E-mail:<\/b>\n<a href=\"mailto:contact@ecritel.com\"target=\"_blank\">contact@ecritel.com<\/a><\/p><\/div><\/div>\t\t<\/div>\n\t\t\t\t<\/div>\n\t\t\t\t\t\t<\/div>\n\t\t\t\t\t<\/div>\n\t\t<\/div>\n\t\t\t\t<div class=\"elementor-column elementor-col-33 elementor-top-column elementor-element elementor-element-672d7f5\" data-id=\"672d7f5\" data-element_type=\"column\">\n\t\t\t<div class=\"elementor-column-wrap elementor-element-populated\">\n\t\t\t\t\t\t\t<div class=\"elementor-widget-wrap\">\n\t\t\t\t\t\t<div class=\"elementor-element elementor-element-d83e79e elementor-position-top elementor-vertical-align-top elementor-invisible elementor-widget elementor-widget-image-box\" data-id=\"d83e79e\" data-element_type=\"widget\" data-settings=\"{&quot;_animation&quot;:&quot;fadeInUp&quot;,&quot;_animation_delay&quot;:300}\" data-widget_type=\"image-box.default\">\n\t\t\t\t<div class=\"elementor-widget-container\">\n\t\t\t<div class=\"elementor-image-box-wrapper\"><div class=\"elementor-image-box-content\"><p class=\"elementor-image-box-description\"><b>Ecritel Montr\u00e9al<\/b><br\/><br\/> \n<b>Address:<\/b> 4030 St Ambroise - Suite 240\nMontreal, QC H4C 2C7, Canad\u00e1<br>\n<b>Telephone:<\/b> +1 514 878 2395<br>\n<b>E-mail:<\/b>\n<a href=\"mailto:contact.ca@ecritel.net\"target=\"_blank\">contact.ca@ecritel.net<\/a><\/p><\/div><\/div>\t\t<\/div>\n\t\t\t\t<\/div>\n\t\t\t\t<div class=\"elementor-element elementor-element-130db43 elementor-position-top elementor-vertical-align-top elementor-invisible elementor-widget elementor-widget-image-box\" data-id=\"130db43\" data-element_type=\"widget\" data-settings=\"{&quot;_animation&quot;:&quot;fadeInUp&quot;}\" data-widget_type=\"image-box.default\">\n\t\t\t\t<div class=\"elementor-widget-container\">\n\t\t\t<div class=\"elementor-image-box-wrapper\"><div class=\"elementor-image-box-content\"><p class=\"elementor-image-box-description\"><b>Ecritel China<\/b><br\/><br\/>\n<b>Address:<\/b> 989 Dongfang road  Room, 1903 200122, Shanghai (Pudong)<br>\n<b>Telephone:<\/b> +86 21 508 14388<br>\n<b>Fax:<\/b> +86 21 508 13335<br>\n<b>E-mail:<\/b>\n<a href=\"mailto:sales@ecritel.cn\"target=\"_blank\">sales@ecritel.cn<\/a><\/p><\/div><\/div>\t\t<\/div>\n\t\t\t\t<\/div>\n\t\t\t\t\t\t<\/div>\n\t\t\t\t\t<\/div>\n\t\t<\/div>\n\t\t\t\t<div class=\"elementor-column elementor-col-33 elementor-top-column elementor-element elementor-element-dbcdf6c\" data-id=\"dbcdf6c\" data-element_type=\"column\">\n\t\t\t<div class=\"elementor-column-wrap elementor-element-populated\">\n\t\t\t\t\t\t\t<div class=\"elementor-widget-wrap\">\n\t\t\t\t\t\t<div class=\"elementor-element elementor-element-655ed2c elementor-position-top elementor-vertical-align-top elementor-invisible elementor-widget elementor-widget-image-box\" data-id=\"655ed2c\" data-element_type=\"widget\" data-settings=\"{&quot;_animation&quot;:&quot;fadeInUp&quot;,&quot;_animation_delay&quot;:500}\" data-widget_type=\"image-box.default\">\n\t\t\t\t<div class=\"elementor-widget-container\">\n\t\t\t<div class=\"elementor-image-box-wrapper\"><div class=\"elementor-image-box-content\"><p class=\"elementor-image-box-description\"><b>Ecritel Toronto<\/b><br\/><br\/> \n<b>Address:<\/b> 250, University Ave, Suite 200 Toronto, ON M5H 3E5, Canad\u00e1<br>\n<b>Telephone:<\/b> +1 514 878 2395<br>\n<b>E-mail:<\/b>\n<a href=\"mailto:contact.ca@ecritel.net\"target=\"_blank\">contact.ca@ecritel.net<\/a><\/p><\/div><\/div>\t\t<\/div>\n\t\t\t\t<\/div>\n\t\t\t\t<div class=\"elementor-element elementor-element-171cc4f elementor-position-top elementor-vertical-align-top elementor-invisible elementor-widget elementor-widget-image-box\" data-id=\"171cc4f\" data-element_type=\"widget\" data-settings=\"{&quot;_animation&quot;:&quot;fadeInUp&quot;}\" data-widget_type=\"image-box.default\">\n\t\t\t\t<div class=\"elementor-widget-container\">\n\t\t\t<div class=\"elementor-image-box-wrapper\"><div class=\"elementor-image-box-content\"><p class=\"elementor-image-box-description\"><b>Ecritel R\u00fassia<\/b><br\/><br\/>\n<b>Address:<\/b> Kozhevnicheskaya 10, B\u00e2timent 1, \u00e9tage 06, local 05 \u200b115114, Moscou<br>\n<b>E-mail:<\/b>\n\n<a href=\"mailto:contact@ecritel.ru\"target=\"_blank\">contact@ecritel.ru<\/a>\n<\/p><\/div><\/div>\t\t<\/div>\n\t\t\t\t<\/div>\n\t\t\t\t\t\t<\/div>\n\t\t\t\t\t<\/div>\n\t\t<\/div>\n\t\t\t\t\t\t\t\t<\/div>\n\t\t\t\t\t<\/div>\n\t\t<\/section>\n\t\t\t\t<section class=\"elementor-section elementor-top-section elementor-element elementor-element-b1ad93c elementor-section-full_width elementor-hidden-phone elementor-section-height-default elementor-section-height-default\" data-id=\"b1ad93c\" data-element_type=\"section\">\n\t\t\t\t\t\t<div class=\"elementor-container elementor-column-gap-default\">\n\t\t\t\t\t\t\t<div class=\"elementor-row\">\n\t\t\t\t\t<div class=\"elementor-column elementor-col-100 elementor-top-column elementor-element elementor-element-e3956d2\" data-id=\"e3956d2\" data-element_type=\"column\">\n\t\t\t<div class=\"elementor-column-wrap elementor-element-populated\">\n\t\t\t\t\t\t\t<div class=\"elementor-widget-wrap\">\n\t\t\t\t\t\t<div class=\"elementor-element elementor-element-339e010 elementor-widget elementor-widget-saasland_map3\" data-id=\"339e010\" data-element_type=\"widget\" data-widget_type=\"saasland_map3.default\">\n\t\t\t\t<div class=\"elementor-widget-container\">\n\t\t\t        <section class=\"h_map_area\">\r\n            <div class=\"container\">\r\n                <div class=\"hosting_title text-center\">\r\n                                            <h2>International Offices<\/h2>\r\n                                                                <p>Ecritel has also set up its offices in the same major cities across the globe.<\/p>\n                                    <\/div>\r\n                <div class=\"h_map\" style=\"background: url(https:\/\/saasland2.droitthemes.com\/wp-content\/uploads\/2019\/07\/region_map.png) no-repeat scroll center top;\">\r\n                    <ul class=\"list-unstyled\">\r\n                                                                                            <li class=\"wow fadeIn elementor-repeater-item-ee24608\" data-wow-delay=\"0.1s\">\r\n                                        <div class=\"place_name wow fadeInUp\" data-wow-delay=\"0.2s\">\r\n                                            s\u00e3o paulo, BRASIL                                        <\/div>\r\n                                        <div class=\"round\"><div class=\"dot\"><\/div><\/div>\r\n                                    <\/li>\r\n                                                                                                                                    <li class=\"wow fadeIn elementor-repeater-item-9f97aea\" data-wow-delay=\"0.3s\">\r\n                                        <div class=\"place_name wow fadeInUp\" data-wow-delay=\"0.4s\">\r\n                                            montreal, CANADA                                        <\/div>\r\n                                        <div class=\"round\"><div class=\"dot\"><\/div><\/div>\r\n                                    <\/li>\r\n                                                                                                                                    <li class=\"wow fadeIn elementor-repeater-item-01bd678\" data-wow-delay=\"0.5s\">\r\n                                        <div class=\"place_name wow fadeInUp\" data-wow-delay=\"0.6s\">\r\n                                            toronto, CANADA                                        <\/div>\r\n                                        <div class=\"round\"><div class=\"dot\"><\/div><\/div>\r\n                                    <\/li>\r\n                                                                                                                                    <li class=\"wow fadeIn elementor-repeater-item-28ed58b\" data-wow-delay=\"0.7s\">\r\n                                        <div class=\"place_name wow fadeInUp\" data-wow-delay=\"0.8s\">\r\n                                            Nova YORK, USA                                        <\/div>\r\n                                        <div class=\"round\"><div class=\"dot\"><\/div><\/div>\r\n                                    <\/li>\r\n                                                                                                                                    <li class=\"wow fadeIn elementor-repeater-item-2c5ba73\" data-wow-delay=\"0.9s\">\r\n                                        <div class=\"place_name wow fadeInUp\" data-wow-delay=\"1s\">\r\n                                            paris, fran\u00e7a                                        <\/div>\r\n                                        <div class=\"round\"><div class=\"dot\"><\/div><\/div>\r\n                                    <\/li>\r\n                                                                                                                                    <li class=\"wow fadeIn elementor-repeater-item-28eabce\" data-wow-delay=\"1.1s\">\r\n                                        <div class=\"place_name wow fadeInUp\" data-wow-delay=\"1.2s\">\r\n                                            Shangai, china                                        <\/div>\r\n                                        <div class=\"round\"><div class=\"dot\"><\/div><\/div>\r\n                                    <\/li>\r\n                                                                                                                                    <li class=\"wow fadeIn elementor-repeater-item-72f1e25\" data-wow-delay=\"1.3s\">\r\n                                        <div class=\"place_name wow fadeInUp\" data-wow-delay=\"1.4s\">\r\n                                            hong kong, CHINa                                        <\/div>\r\n                                        <div class=\"round\"><div class=\"dot\"><\/div><\/div>\r\n                                    <\/li>\r\n                                                                                                                                    <li class=\"wow fadeIn elementor-repeater-item-965baa7\" data-wow-delay=\"1.5s\">\r\n                                        <div class=\"place_name wow fadeInUp\" data-wow-delay=\"1.6s\">\r\n                                            Moscou, r\u00fassia                                        <\/div>\r\n                                        <div class=\"round\"><div class=\"dot\"><\/div><\/div>\r\n                                    <\/li>\r\n                                                                                    <\/ul>\r\n                <\/div>\r\n            <\/div>\r\n        <\/section>\r\n        \t\t<\/div>\n\t\t\t\t<\/div>\n\t\t\t\t\t\t<\/div>\n\t\t\t\t\t<\/div>\n\t\t<\/div>\n\t\t\t\t\t\t\t\t<\/div>\n\t\t\t\t\t<\/div>\n\t\t<\/section>\n\t\t\t\t<section class=\"elementor-section elementor-top-section elementor-element elementor-element-f49c71c bottom-btn elementor-section-boxed elementor-section-height-default elementor-section-height-default\" data-id=\"f49c71c\" data-element_type=\"section\">\n\t\t\t\t\t\t<div class=\"elementor-container elementor-column-gap-default\">\n\t\t\t\t\t\t\t<div class=\"elementor-row\">\n\t\t\t\t\t<div class=\"elementor-column elementor-col-100 elementor-top-column elementor-element elementor-element-033dd0d\" data-id=\"033dd0d\" data-element_type=\"column\">\n\t\t\t<div class=\"elementor-column-wrap elementor-element-populated\">\n\t\t\t\t\t\t\t<div class=\"elementor-widget-wrap\">\n\t\t\t\t\t\t<section class=\"elementor-section elementor-inner-section elementor-element elementor-element-3cc5619 elementor-section-boxed elementor-section-height-default elementor-section-height-default\" data-id=\"3cc5619\" data-element_type=\"section\">\n\t\t\t\t\t\t<div class=\"elementor-container elementor-column-gap-default\">\n\t\t\t\t\t\t\t<div class=\"elementor-row\">\n\t\t\t\t\t<div class=\"elementor-column elementor-col-25 elementor-inner-column elementor-element elementor-element-1e2d3a4\" data-id=\"1e2d3a4\" data-element_type=\"column\">\n\t\t\t<div class=\"elementor-column-wrap elementor-element-populated\">\n\t\t\t\t\t\t\t<div class=\"elementor-widget-wrap\">\n\t\t\t\t\t\t<div class=\"elementor-element elementor-element-db91abf elementor-align-center elementor-widget elementor-widget-button\" data-id=\"db91abf\" data-element_type=\"widget\" data-widget_type=\"button.default\">\n\t\t\t\t<div class=\"elementor-widget-container\">\n\t\t\t\t\t<div class=\"elementor-button-wrapper\">\n\t\t\t<a href=\"https:\/\/www.ecritel.com.br\/en\/empresa\/nossa-historia\/\" class=\"elementor-button-link elementor-button elementor-size-sm elementor-animation-shrink\" role=\"button\">\n\t\t\t\t\t\t<span class=\"elementor-button-content-wrapper\">\n\t\t\t\t\t\t<span class=\"elementor-button-icon elementor-align-icon-left\">\n\t\t\t\t<i aria-hidden=\"true\" class=\"fas fa-arrow-alt-circle-right\"><\/i>\t\t\t<\/span>\n\t\t\t\t\t\t<span class=\"elementor-button-text\">Our Story<\/span>\n\t\t<\/span>\n\t\t\t\t\t<\/a>\n\t\t<\/div>\n\t\t\t\t<\/div>\n\t\t\t\t<\/div>\n\t\t\t\t\t\t<\/div>\n\t\t\t\t\t<\/div>\n\t\t<\/div>\n\t\t\t\t<div class=\"elementor-column elementor-col-25 elementor-inner-column elementor-element elementor-element-3d2c65f\" data-id=\"3d2c65f\" data-element_type=\"column\">\n\t\t\t<div class=\"elementor-column-wrap elementor-element-populated\">\n\t\t\t\t\t\t\t<div class=\"elementor-widget-wrap\">\n\t\t\t\t\t\t<div class=\"elementor-element elementor-element-a60a128 elementor-align-center elementor-widget elementor-widget-button\" data-id=\"a60a128\" data-element_type=\"widget\" data-widget_type=\"button.default\">\n\t\t\t\t<div class=\"elementor-widget-container\">\n\t\t\t\t\t<div class=\"elementor-button-wrapper\">\n\t\t\t<a href=\"https:\/\/www.ecritel.com.br\/en\/empresa\/nossa-equipe\/\" class=\"elementor-button-link elementor-button elementor-size-sm elementor-animation-shrink\" role=\"button\">\n\t\t\t\t\t\t<span class=\"elementor-button-content-wrapper\">\n\t\t\t\t\t\t<span class=\"elementor-button-icon elementor-align-icon-left\">\n\t\t\t\t<i aria-hidden=\"true\" class=\"fas fa-arrow-alt-circle-right\"><\/i>\t\t\t<\/span>\n\t\t\t\t\t\t<span class=\"elementor-button-text\">Our Team<\/span>\n\t\t<\/span>\n\t\t\t\t\t<\/a>\n\t\t<\/div>\n\t\t\t\t<\/div>\n\t\t\t\t<\/div>\n\t\t\t\t\t\t<\/div>\n\t\t\t\t\t<\/div>\n\t\t<\/div>\n\t\t\t\t<div class=\"elementor-column elementor-col-25 elementor-inner-column elementor-element elementor-element-26abfc5\" data-id=\"26abfc5\" data-element_type=\"column\">\n\t\t\t<div class=\"elementor-column-wrap elementor-element-populated\">\n\t\t\t\t\t\t\t<div class=\"elementor-widget-wrap\">\n\t\t\t\t\t\t<div class=\"elementor-element elementor-element-44e3a0b elementor-align-center elementor-widget elementor-widget-button\" data-id=\"44e3a0b\" data-element_type=\"widget\" data-widget_type=\"button.default\">\n\t\t\t\t<div class=\"elementor-widget-container\">\n\t\t\t\t\t<div class=\"elementor-button-wrapper\">\n\t\t\t<a href=\"https:\/\/www.ecritel.com.br\/en\/empresa\/mencoes-legais\/\" class=\"elementor-button-link elementor-button elementor-size-sm elementor-animation-shrink\" role=\"button\">\n\t\t\t\t\t\t<span class=\"elementor-button-content-wrapper\">\n\t\t\t\t\t\t<span class=\"elementor-button-icon elementor-align-icon-left\">\n\t\t\t\t<i aria-hidden=\"true\" class=\"fas fa-arrow-alt-circle-right\"><\/i>\t\t\t<\/span>\n\t\t\t\t\t\t<span class=\"elementor-button-text\">Legal Notice<\/span>\n\t\t<\/span>\n\t\t\t\t\t<\/a>\n\t\t<\/div>\n\t\t\t\t<\/div>\n\t\t\t\t<\/div>\n\t\t\t\t\t\t<\/div>\n\t\t\t\t\t<\/div>\n\t\t<\/div>\n\t\t\t\t<div class=\"elementor-column elementor-col-25 elementor-inner-column elementor-element elementor-element-318c735\" data-id=\"318c735\" data-element_type=\"column\">\n\t\t\t<div class=\"elementor-column-wrap elementor-element-populated\">\n\t\t\t\t\t\t\t<div class=\"elementor-widget-wrap\">\n\t\t\t\t\t\t<div class=\"elementor-element elementor-element-e09884e elementor-align-center elementor-widget elementor-widget-button\" data-id=\"e09884e\" data-element_type=\"widget\" data-widget_type=\"button.default\">\n\t\t\t\t<div class=\"elementor-widget-container\">\n\t\t\t\t\t<div class=\"elementor-button-wrapper\">\n\t\t\t<a href=\"https:\/\/www.ecritel.com.br\/en\/empresa\/entre-em-contato\/\" class=\"elementor-button-link elementor-button elementor-size-sm elementor-animation-shrink\" role=\"button\">\n\t\t\t\t\t\t<span class=\"elementor-button-content-wrapper\">\n\t\t\t\t\t\t<span class=\"elementor-button-icon elementor-align-icon-left\">\n\t\t\t\t<i aria-hidden=\"true\" class=\"fas fa-arrow-alt-circle-right\"><\/i>\t\t\t<\/span>\n\t\t\t\t\t\t<span class=\"elementor-button-text\">Contact Us<\/span>\n\t\t<\/span>\n\t\t\t\t\t<\/a>\n\t\t<\/div>\n\t\t\t\t<\/div>\n\t\t\t\t<\/div>\n\t\t\t\t\t\t<\/div>\n\t\t\t\t\t<\/div>\n\t\t<\/div>\n\t\t\t\t\t\t\t\t<\/div>\n\t\t\t\t\t<\/div>\n\t\t<\/section>\n\t\t\t\t\t\t<\/div>\n\t\t\t\t\t<\/div>\n\t\t<\/div>\n\t\t\t\t\t\t\t\t<\/div>\n\t\t\t\t\t<\/div>\n\t\t<\/section>\n\t\t\t\t\t\t<\/div>\n\t\t\t\t\t\t<\/div>\n\t\t\t\t\t<\/div>","protected":false},"excerpt":{"rendered":"<p>\t\t\t\tTo meet the needs of our internationally-based clients, Ecritel has developed a presence in strategic economic areas across the globe.<\/p>","protected":false},"author":4,"featured_media":0,"parent":6572,"menu_order":0,"comment_status":"closed","ping_status":"closed","template":"elementor_header_footer","meta":[],"_links":{"self":[{"href":"https:\/\/www.ecritel.com.br\/en\/wp-json\/wp\/v2\/pages\/6173"}],"collection":[{"href":"https:\/\/www.ecritel.com.br\/en\/wp-json\/wp\/v2\/pages"}],"about":[{"href":"https:\/\/www.ecritel.com.br\/en\/wp-json\/wp\/v2\/types\/page"}],"author":[{"embeddable":true,"href":"https:\/\/www.ecritel.com.br\/en\/wp-json\/wp\/v2\/users\/4"}],"replies":[{"embeddable":true,"href":"https:\/\/www.ecritel.com.br\/en\/wp-json\/wp\/v2\/comments?post=6173"}],"version-history":[{"count":33,"href":"https:\/\/www.ecritel.com.br\/en\/wp-json\/wp\/v2\/pages\/6173\/revisions"}],"predecessor-version":[{"id":7184,"href":"https:\/\/www.ecritel.com.br\/en\/wp-json\/wp\/v2\/pages\/6173\/revisions\/7184"}],"up":[{"embeddable":true,"href":"https:\/\/www.ecritel.com.br\/en\/wp-json\/wp\/v2\/pages\/6572"}],"wp:attachment":[{"href":"https:\/\/www.ecritel.com.br\/en\/wp-json\/wp\/v2\/media?parent=6173"}],"curies":[{"name":"wp","href":"https:\/\/api.w.org\/{rel}","templated":true}]}}